{"id":153,"date":"2015-07-11T08:29:26","date_gmt":"2015-07-11T08:29:26","guid":{"rendered":"http:\/\/flowery-pennant.flywheelsites.com\/de\/thailand-urlaub\/"},"modified":"2018-08-20T02:00:54","modified_gmt":"2018-08-19T19:00:54","slug":"thailand-urlaub","status":"publish","type":"page","link":"https:\/\/www.easydaythailand.com\/de\/","title":{"rendered":"Easy Day Thailand Urlaub"},"content":{"rendered":"<p>[et_pb_section bb_built=&#8220;1&#8243;][et_pb_row][et_pb_column type=&#8220;4_4&#8243;][et_pb_text]<\/p>\n<p>Es gibt viel in Thailand zu unternehmen und einige G\u00e4ste die das Land zum ersten Mal besuchen, ben\u00f6tigen Informationen \u00fcber die unterschiedlichsten Orte und Ausflugsziele.<\/p>\n<p>Wir von Easy Day Thailand k\u00f6nnen auf eine sehr lange Erfahrung in Thailand zur\u00fcckblicken und haben auf der unserer Seite viele interessante M\u00f6glichkeiten zusammengetragen.<\/p>\n<p>So k\u00f6nnen unsere G\u00e4ste sich hier, dar\u00fcber informieren was f\u00fcr Sie das das Beste und Geeignetste f\u00fcr den anstehenden Urlaub ist.<\/p>\n<p style=\"text-align: center;\"><img loading=\"lazy\" decoding=\"async\" class=\"alignnone\" title=\"Deutsch\" src=\"https:\/\/www.easydaythailand.com\/wp-content\/plugins\/sitepress-multilingual-cms\/res\/flags\/de.png\" alt=\"Deutsch\" width=\"18\" height=\"12\" \/>\u00a0<strong>Schreiben Sie Uns:<\/strong> <a href=\"mailto:Andreas@easydaythailand.com\">Andreas@easydaythailand.com<\/a> oder <strong>Rufen Sie an<\/strong> +66 81 538 3821<\/p>\n<p>[\/et_pb_text][\/et_pb_column][\/et_pb_row][\/et_pb_section]<\/p>\n","protected":false},"excerpt":{"rendered":"<p><div class=\"et_pb_row et_pb_row_0 et_pb_row_empty\">\n\t\t\t\t\n\t\t\t\t\n\t\t\t\t\n\t\t\t\t\n\t\t\t\t\n\t\t\t<\/div><div class=\"et_pb_module et_pb_text et_pb_text_0  et_pb_text_align_left et_pb_bg_layout_light\">\n\t\t\t\t\n\t\t\t\t\n\t\t\t\t\n\t\t\t\t\n\t\t\t\t\n\t\t\t<\/div> Es gibt viel in Thailand zu unternehmen und einige G\u00e4ste die das Land zum ersten Mal besuchen, ben\u00f6tigen Informationen \u00fcber die unterschiedlichsten Orte und Ausflugsziele. Wir von Easy Day Thailand k\u00f6nnen auf eine sehr lange Erfahrung in Thailand zur\u00fcckblicken und haben auf der unserer Seite viele interessante M\u00f6glichkeiten zusammengetragen. So k\u00f6nnen unsere G\u00e4ste sich [&hellip;]<\/p>\n","protected":false},"author":2,"featured_media":0,"parent":0,"menu_order":0,"comment_status":"closed","ping_status":"open","template":"","meta":{"_et_pb_use_builder":"on","_et_pb_old_content":"","_et_gb_content_width":"","footnotes":""},"class_list":["post-153","page","type-page","status-publish","hentry"],"_links":{"self":[{"href":"https:\/\/www.easydaythailand.com\/de\/wp-json\/wp\/v2\/pages\/153","targetHints":{"allow":["GET"]}}],"collection":[{"href":"https:\/\/www.easydaythailand.com\/de\/wp-json\/wp\/v2\/pages"}],"about":[{"href":"https:\/\/www.easydaythailand.com\/de\/wp-json\/wp\/v2\/types\/page"}],"author":[{"embeddable":true,"href":"https:\/\/www.easydaythailand.com\/de\/wp-json\/wp\/v2\/users\/2"}],"replies":[{"embeddable":true,"href":"https:\/\/www.easydaythailand.com\/de\/wp-json\/wp\/v2\/comments?post=153"}],"version-history":[{"count":1,"href":"https:\/\/www.easydaythailand.com\/de\/wp-json\/wp\/v2\/pages\/153\/revisions"}],"predecessor-version":[{"id":7520,"href":"https:\/\/www.easydaythailand.com\/de\/wp-json\/wp\/v2\/pages\/153\/revisions\/7520"}],"wp:attachment":[{"href":"https:\/\/www.easydaythailand.com\/de\/wp-json\/wp\/v2\/media?parent=153"}],"curies":[{"name":"wp","href":"https:\/\/api.w.org\/{rel}","templated":true}]}}